{"id":299,"date":"2021-06-18T11:53:03","date_gmt":"2021-06-18T11:53:03","guid":{"rendered":"https:\/\/www.easy-cert-services.ch\/?page_id=299"},"modified":"2021-06-18T12:00:16","modified_gmt":"2021-06-18T12:00:16","slug":"special-deals-fur-schulen-behorden-und-npos","status":"publish","type":"page","link":"https:\/\/www.easy-cert-services.ch\/?page_id=299","title":{"rendered":"Special DEALS f\u00fcr Schulen\/Beh\u00f6rden und NPO&#8217;s"},"content":{"rendered":"\n<p>Wir organisieren f\u00fcr Schulen, Beh\u00f6rden und oder Non-Proft-Organisationen Hardware und Software zu g\u00fcnstigen Konditionen. Wir kl\u00e4ren gerne die M\u00f6glichkeiten mit dem Hersteller und geben die spezial Konditionen an Sie weiter. Wir pflegen bereits gute Kontakte zu vielen Herstellern.<\/p>\n\n\n\n<p><\/p>\n\n\n\n<ul class=\"wp-block-list\"><li>Microsoft Office 365 (EDU\/Charity\/GOV)<\/li><li>Microsoft Volume Licensing<\/li><li>Lenovo Hardware (EDU\/GOV\/NPO)<\/li><li>fragen sie uns f\u00fcr weitere..<\/li><\/ul>\n","protected":false},"excerpt":{"rendered":"<p>Wir organisieren f\u00fcr Schulen, Beh\u00f6rden und oder Non-Proft-Organisationen Hardware und Software zu g\u00fcnstigen Konditionen. Wir kl\u00e4ren gerne die M\u00f6glichkeiten mit dem Hersteller und geben die spezial Konditionen an Sie weiter. Wir pflegen bereits gute Kontakte zu vielen Herstellern. Microsoft Office 365 (EDU\/Charity\/GOV) Microsoft Volume Licensing Lenovo Hardware (EDU\/GOV\/NPO) fragen sie uns f\u00fcr weitere..<\/p>\n","protected":false},"author":1,"featured_media":0,"parent":0,"menu_order":0,"comment_status":"closed","ping_status":"closed","template":"","meta":{"footnotes":""},"class_list":["post-299","page","type-page","status-publish","hentry"],"_links":{"self":[{"href":"https:\/\/www.easy-cert-services.ch\/index.php?rest_route=\/wp\/v2\/pages\/299","targetHints":{"allow":["GET"]}}],"collection":[{"href":"https:\/\/www.easy-cert-services.ch\/index.php?rest_route=\/wp\/v2\/pages"}],"about":[{"href":"https:\/\/www.easy-cert-services.ch\/index.php?rest_route=\/wp\/v2\/types\/page"}],"author":[{"embeddable":true,"href":"https:\/\/www.easy-cert-services.ch\/index.php?rest_route=\/wp\/v2\/users\/1"}],"replies":[{"embeddable":true,"href":"https:\/\/www.easy-cert-services.ch\/index.php?rest_route=%2Fwp%2Fv2%2Fcomments&post=299"}],"version-history":[{"count":2,"href":"https:\/\/www.easy-cert-services.ch\/index.php?rest_route=\/wp\/v2\/pages\/299\/revisions"}],"predecessor-version":[{"id":306,"href":"https:\/\/www.easy-cert-services.ch\/index.php?rest_route=\/wp\/v2\/pages\/299\/revisions\/306"}],"wp:attachment":[{"href":"https:\/\/www.easy-cert-services.ch\/index.php?rest_route=%2Fwp%2Fv2%2Fmedia&parent=299"}],"curies":[{"name":"wp","href":"https:\/\/api.w.org\/{rel}","templated":true}]}}